{"id":2,"date":"2025-09-17T18:59:50","date_gmt":"2025-09-17T16:59:50","guid":{"rendered":"http:\/\/daria-rafal.pl\/?page_id=2"},"modified":"2025-09-21T20:19:30","modified_gmt":"2025-09-21T18:19:30","slug":"spiewnik","status":"publish","type":"page","link":"https:\/\/daria-rafal.pl\/?page_id=2","title":{"rendered":"\u015apiewnik"},"content":{"rendered":"\n\n\n\n\n\n\n\n\n\n\n<p>\u0141owickie ch\u0142opoki jak parowe m\u0142yny,<br>\u0141owickie ch\u0142opoki jak parowe m\u0142yny,<br>Od jednej do drugiej lataj\u0105 dziewczyny<br>Od jednej do drugiej lataj\u0105 dziewczyny<\/p>\n\n\n\n<p>Ta \u0142adna to zgrabna, a ta z dolarami<br>Ta \u0142adna to zgrabna, a ta z dolarami<br>Ta jeszcze \u0142adniejsza bo ta z koralami<br>Ta jeszcze \u0142adniejsza bo ta z koralami<\/p>\n\n\n\n<p>Nie siadaj, nie gadaj, nie zalecaj mi si\u0119<br>Nie siadaj, nie gadaj, nie zalecaj mi si\u0119<br>Jo maj\u0105tku ni mom ni spodobam Ci si\u0119<br>Jo maj\u0105tku ni mom ni spodobam Ci si\u0119<\/p>\n\n\n\n<p>A czy jo si\u0119 pytam czy\u015b maj\u0105tek mia\u0142a<br>A czy jo si\u0119 pytam czy\u015b maj\u0105tek mia\u0142a<br>Ino cie si\u0119 pytom czy mnie b\u0119dziesz chcia\u0142a<br>Ino cie si\u0119 pytom czy mnie b\u0119dziesz chcia\u0142a<\/p>\n\n\n\n<p>Oj chcia\u0142abym chcia\u0142a, ale nie takiego<br>Oj chcia\u0142abym chcia\u0142a, ale nie takiego<br>\u0141adnego zgrabnego ch\u0142opca \u0142owickiego<br>\u0141adnego zgrabnego ch\u0142opca \u0142owickiego<\/p>\n\n\n\n<p>Nie przebieraj dziewcze \u017ceby\u015b nie przebra\u0142a<br>Nie przebieraj dziewcze \u017ceby\u015b nie przebra\u0142a<br>\u017beby\u015b za s\u0142owika wr\u00f3bla nie dosta\u0142a<br>\u017beby\u015b za s\u0142owika wr\u00f3bla nie dosta\u0142a<\/p>\n\n\n\n<p>Wr\u00f3bla si\u0119 nie boj\u0119 s\u0142owika nie puszcze<br>Wr\u00f3bla si\u0119 nie boj\u0119 s\u0142owika nie puszcze<br>A Ciebie ch\u0142opoku do domu nie puszcze<br>A Ciebie ch\u0142opoku do domu nie puszcze<\/p>\n\n\n\n<p>Siedzia\u0142a na d\u0119bie d\u0142uba\u0142a se w z\u0119bie<br>Siedzia\u0142a na d\u0119bie d\u0142uba\u0142a se w z\u0119bie<br>A ludziska g\u0142upie my\u015bla\u0142y \u017ce w dupie<br>A ludziska g\u0142upie my\u015bla\u0142y \u017ce w dupie<\/p>\n\n\n\n<p>Szla te\u015bciowa lasem pogryz\u0142y j\u0105 \u017cmije<br>Szla te\u015bciowa lasem pogryz\u0142y j\u0105 \u017cmije<br>\u017bmije wyzdycha\u0142y a te\u015bciowa \u017cyje<br>\u017bmije wyzdycha\u0142y a te\u015bciowa \u017cyje<\/p>\n\n\n\n<p>Do sklepu na dole przywie\u017ali jabole<br>Do sklepu na dole przywie\u017ali jabole<br>Nie wyjd\u0119 nie wyjd\u0119 a\u017c si\u0119 napierdole<br>Nie wyjd\u0119 nie wyjd\u0119 a\u017c si\u0119 napierdole<\/p>\n\n\n\n<blockquote class=\"wp-block-quote is-layout-flow wp-block-quote-is-layout-flow\"><\/blockquote>\n\n\n\n<blockquote class=\"wp-block-quote is-layout-flow wp-block-quote-is-layout-flow\"><\/blockquote>\n","protected":false},"excerpt":{"rendered":"<p>\u0141owickie ch\u0142opoki jak parowe m\u0142yny,\u0141owickie ch\u0142opoki jak parowe m\u0142yny,Od jednej do drugiej lataj\u0105 dziewczynyOd jednej do drugiej lataj\u0105 dziewczyny Ta \u0142adna to zgrabna, a ta z dolaramiTa \u0142adna to zgrabna, a ta z dolaramiTa jeszcze \u0142adniejsza bo ta z koralamiTa jeszcze \u0142adniejsza bo ta z koralami Nie siadaj, nie gadaj, nie zalecaj mi si\u0119Nie siadaj, [&hellip;]<\/p>\n","protected":false},"author":1,"featured_media":0,"parent":0,"menu_order":0,"comment_status":"closed","ping_status":"closed","template":"","meta":{"saved_in_kubio":true,"footnotes":""},"class_list":["post-2","page","type-page","status-publish","hentry"],"kubio_ai_page_context":{"short_desc":"","purpose":"general"},"_links":{"self":[{"href":"https:\/\/daria-rafal.pl\/index.php?rest_route=\/wp\/v2\/pages\/2","targetHints":{"allow":["GET"]}}],"collection":[{"href":"https:\/\/daria-rafal.pl\/index.php?rest_route=\/wp\/v2\/pages"}],"about":[{"href":"https:\/\/daria-rafal.pl\/index.php?rest_route=\/wp\/v2\/types\/page"}],"author":[{"embeddable":true,"href":"https:\/\/daria-rafal.pl\/index.php?rest_route=\/wp\/v2\/users\/1"}],"replies":[{"embeddable":true,"href":"https:\/\/daria-rafal.pl\/index.php?rest_route=%2Fwp%2Fv2%2Fcomments&post=2"}],"version-history":[{"count":5,"href":"https:\/\/daria-rafal.pl\/index.php?rest_route=\/wp\/v2\/pages\/2\/revisions"}],"predecessor-version":[{"id":479,"href":"https:\/\/daria-rafal.pl\/index.php?rest_route=\/wp\/v2\/pages\/2\/revisions\/479"}],"wp:attachment":[{"href":"https:\/\/daria-rafal.pl\/index.php?rest_route=%2Fwp%2Fv2%2Fmedia&parent=2"}],"curies":[{"name":"wp","href":"https:\/\/api.w.org\/{rel}","templated":true}]}}